{"id":2767,"date":"2023-10-27T07:39:34","date_gmt":"2023-10-27T07:39:34","guid":{"rendered":"https:\/\/provalixhomes.com\/nosotros\/"},"modified":"2023-11-08T14:15:32","modified_gmt":"2023-11-08T14:15:32","slug":"nosotros","status":"publish","type":"page","link":"https:\/\/provalixhomes.com\/ca\/nosotros\/","title":{"rendered":"Nosaltres"},"content":{"rendered":"\t\t<div data-elementor-type=\"wp-page\" data-elementor-id=\"2767\" class=\"elementor elementor-2767 elementor-1972\" data-elementor-post-type=\"page\">\n\t\t\t\t<div class=\"elementor-element elementor-element-8cc9a4e e-flex e-con-boxed e-con e-parent\" data-id=\"8cc9a4e\" data-element_type=\"container\" data-e-type=\"container\" data-settings=\"{&quot;background_background&quot;:&quot;classic&quot;}\">\n\t\t\t\t\t<div class=\"e-con-inner\">\n\t\t<div class=\"elementor-element elementor-element-491883d e-con-full e-flex elementor-invisible e-con e-child\" data-id=\"491883d\" data-element_type=\"container\" data-e-type=\"container\" data-settings=\"{&quot;animation&quot;:&quot;fadeIn&quot;}\">\n\t\t\t\t<div class=\"elementor-element elementor-element-097557d elementor-widget elementor-widget-heading\" data-id=\"097557d\" data-element_type=\"widget\" data-e-type=\"widget\" data-widget_type=\"heading.default\">\n\t\t\t\t<div class=\"elementor-widget-container\">\n\t\t\t\t\t<h4 class=\"elementor-heading-title elementor-size-default\">Som una promotora immobili\u00e0ria especialitzada al sector residencial.<\/h4>\t\t\t\t<\/div>\n\t\t\t\t<\/div>\n\t\t\t\t<\/div>\n\t\t\t\t\t<\/div>\n\t\t\t\t<\/div>\n\t\t<div class=\"elementor-element elementor-element-9bdb8b9 e-flex e-con-boxed e-con e-parent\" data-id=\"9bdb8b9\" data-element_type=\"container\" data-e-type=\"container\" data-settings=\"{&quot;background_background&quot;:&quot;classic&quot;,&quot;animation&quot;:&quot;none&quot;}\">\n\t\t\t\t\t<div class=\"e-con-inner\">\n\t\t<div class=\"elementor-element elementor-element-c359c1e e-con-full e-flex e-con e-child\" data-id=\"c359c1e\" data-element_type=\"container\" data-e-type=\"container\">\n\t\t\t\t<div class=\"elementor-element elementor-element-aec1f47 elementor-widget elementor-widget-image\" data-id=\"aec1f47\" data-element_type=\"widget\" data-e-type=\"widget\" data-widget_type=\"image.default\">\n\t\t\t\t<div class=\"elementor-widget-container\">\n\t\t\t\t\t\t\t\t\t\t\t\t\t\t\t<img fetchpriority=\"high\" decoding=\"async\" width=\"1152\" height=\"730\" src=\"https:\/\/provalixhomes.com\/wp-content\/uploads\/2023\/11\/vocacion-provalix.jpg\" class=\"attachment-full size-full wp-image-2692\" alt=\"\" srcset=\"https:\/\/provalixhomes.com\/wp-content\/uploads\/2023\/11\/vocacion-provalix.jpg 1152w, https:\/\/provalixhomes.com\/wp-content\/uploads\/2023\/11\/vocacion-provalix-300x190.jpg 300w, https:\/\/provalixhomes.com\/wp-content\/uploads\/2023\/11\/vocacion-provalix-1024x649.jpg 1024w, https:\/\/provalixhomes.com\/wp-content\/uploads\/2023\/11\/vocacion-provalix-768x487.jpg 768w\" sizes=\"(max-width: 1152px) 100vw, 1152px\" \/>\t\t\t\t\t\t\t\t\t\t\t\t\t\t\t<\/div>\n\t\t\t\t<\/div>\n\t\t\t\t<\/div>\n\t\t<div class=\"elementor-element elementor-element-4d88eb1 e-con-full e-flex e-con e-child\" data-id=\"4d88eb1\" data-element_type=\"container\" data-e-type=\"container\">\n\t\t\t\t<div class=\"elementor-element elementor-element-62c2fb6 elementor-widget elementor-widget-heading\" data-id=\"62c2fb6\" data-element_type=\"widget\" data-e-type=\"widget\" data-widget_type=\"heading.default\">\n\t\t\t\t<div class=\"elementor-widget-container\">\n\t\t\t\t\t<h1 class=\"elementor-heading-title elementor-size-default\">La nostra <span class=\"color-corp\">vocaci\u00f3 <\/span><\/h1>\t\t\t\t<\/div>\n\t\t\t\t<\/div>\n\t\t\t\t<div class=\"elementor-element elementor-element-549582a elementor-widget elementor-widget-text-editor\" data-id=\"549582a\" data-element_type=\"widget\" data-e-type=\"widget\" data-widget_type=\"text-editor.default\">\n\t\t\t\t<div class=\"elementor-widget-container\">\n\t\t\t\t\t\t\t\t\t<p><span style=\"font-weight: 400;\">A <strong>Provalix Homes<\/strong> volem oferir un producte immobiliari de gran qualitat i disseny en les localitzacions m\u00e9s atractives i cotitzades d&#8217;Espanya i Andorra.\u00a0<\/span><\/p><p><span style=\"font-weight: 400;\">Ens esforcem constantment per oferir <strong>habitatges d&#8217;alta qualitat<\/strong> que compleixin amb els est\u00e0ndards m\u00e9s exigents. El nostre enfocament en la qualitat es reflecteix en cada detall, des de l&#8217;elecci\u00f3 dels materials de construcci\u00f3 fins a la planificaci\u00f3 del disseny interior.<\/span><\/p>\t\t\t\t\t\t\t\t<\/div>\n\t\t\t\t<\/div>\n\t\t\t\t<\/div>\n\t\t\t\t\t<\/div>\n\t\t\t\t<\/div>\n\t\t<div class=\"elementor-element elementor-element-19f03c8 e-flex e-con-boxed e-con e-parent\" data-id=\"19f03c8\" data-element_type=\"container\" data-e-type=\"container\" data-settings=\"{&quot;background_background&quot;:&quot;classic&quot;,&quot;animation&quot;:&quot;none&quot;}\">\n\t\t\t\t\t<div class=\"e-con-inner\">\n\t\t<div class=\"elementor-element elementor-element-310dae8 e-con-full e-flex e-con e-child\" data-id=\"310dae8\" data-element_type=\"container\" data-e-type=\"container\">\n\t\t\t\t<div class=\"elementor-element elementor-element-96283ac elementor-widget elementor-widget-heading\" data-id=\"96283ac\" data-element_type=\"widget\" data-e-type=\"widget\" data-widget_type=\"heading.default\">\n\t\t\t\t<div class=\"elementor-widget-container\">\n\t\t\t\t\t<h1 class=\"elementor-heading-title elementor-size-default\">El nostre <span class=\"color-corp\">model de negoci<\/span> \n\n<\/h1>\t\t\t\t<\/div>\n\t\t\t\t<\/div>\n\t\t\t\t<div class=\"elementor-element elementor-element-cd79dcd elementor-widget elementor-widget-text-editor\" data-id=\"cd79dcd\" data-element_type=\"widget\" data-e-type=\"widget\" data-widget_type=\"text-editor.default\">\n\t\t\t\t<div class=\"elementor-widget-container\">\n\t\t\t\t\t\t\t\t\t<p><span style=\"font-weight: 400;\">Creiem en el <strong>tracte personal<\/strong> i parlem directament amb inversors, prove\u00efdors i clients.\u00a0<\/span><\/p><p><span style=\"font-weight: 400;\">A <strong>Provalix Homes<\/strong>, tenim la capacitat d&#8217;impulsar projectes integrals de forma independent, per\u00f2 tamb\u00e9 liderem promocions en les quals hi participen inversors que comparteixen la nostra filosofia i valors. Creiem en la for\u00e7a de les aliances estrat\u00e8giques. Aquesta col\u00b7laboraci\u00f3 ens permet dur a terme projectes ambiciosos.<\/span><\/p>\t\t\t\t\t\t\t\t<\/div>\n\t\t\t\t<\/div>\n\t\t\t\t<\/div>\n\t\t<div class=\"elementor-element elementor-element-b51e18c e-con-full e-flex e-con e-child\" data-id=\"b51e18c\" data-element_type=\"container\" data-e-type=\"container\">\n\t\t\t\t<div class=\"elementor-element elementor-element-c00fd0d elementor-widget elementor-widget-image\" data-id=\"c00fd0d\" data-element_type=\"widget\" data-e-type=\"widget\" data-widget_type=\"image.default\">\n\t\t\t\t<div class=\"elementor-widget-container\">\n\t\t\t\t\t\t\t\t\t\t\t\t\t\t\t<img decoding=\"async\" width=\"937\" height=\"1097\" src=\"https:\/\/provalixhomes.com\/wp-content\/uploads\/2023\/11\/modelo-provalix.jpg\" class=\"attachment-full size-full wp-image-2694\" alt=\"\" srcset=\"https:\/\/provalixhomes.com\/wp-content\/uploads\/2023\/11\/modelo-provalix.jpg 937w, https:\/\/provalixhomes.com\/wp-content\/uploads\/2023\/11\/modelo-provalix-256x300.jpg 256w, https:\/\/provalixhomes.com\/wp-content\/uploads\/2023\/11\/modelo-provalix-875x1024.jpg 875w, https:\/\/provalixhomes.com\/wp-content\/uploads\/2023\/11\/modelo-provalix-768x899.jpg 768w\" sizes=\"(max-width: 937px) 100vw, 937px\" \/>\t\t\t\t\t\t\t\t\t\t\t\t\t\t\t<\/div>\n\t\t\t\t<\/div>\n\t\t\t\t<\/div>\n\t\t\t\t\t<\/div>\n\t\t\t\t<\/div>\n\t\t<div class=\"elementor-element elementor-element-e95a410 e-flex e-con-boxed e-con e-parent\" data-id=\"e95a410\" data-element_type=\"container\" data-e-type=\"container\" data-settings=\"{&quot;background_background&quot;:&quot;classic&quot;,&quot;animation&quot;:&quot;none&quot;}\">\n\t\t\t\t\t<div class=\"e-con-inner\">\n\t\t<div class=\"elementor-element elementor-element-e185a67 e-con-full e-flex e-con e-child\" data-id=\"e185a67\" data-element_type=\"container\" data-e-type=\"container\">\n\t\t<div class=\"elementor-element elementor-element-073a579 e-flex e-con-boxed e-con e-child\" data-id=\"073a579\" data-element_type=\"container\" data-e-type=\"container\">\n\t\t\t\t\t<div class=\"e-con-inner\">\n\t\t\t\t<div class=\"elementor-element elementor-element-b0d63d7 elementor-widget elementor-widget-heading\" data-id=\"b0d63d7\" data-element_type=\"widget\" data-e-type=\"widget\" data-widget_type=\"heading.default\">\n\t\t\t\t<div class=\"elementor-widget-container\">\n\t\t\t\t\t<h2 class=\"elementor-heading-title elementor-size-default\">Els nostres <span class=\"color-corp\">valors<\/span> <\/h2>\t\t\t\t<\/div>\n\t\t\t\t<\/div>\n\t\t\t\t<div class=\"elementor-element elementor-element-0c900b5 elementor-widget elementor-widget-spacer\" data-id=\"0c900b5\" data-element_type=\"widget\" data-e-type=\"widget\" data-widget_type=\"spacer.default\">\n\t\t\t\t<div class=\"elementor-widget-container\">\n\t\t\t\t\t\t\t<div class=\"elementor-spacer\">\n\t\t\t<div class=\"elementor-spacer-inner\"><\/div>\n\t\t<\/div>\n\t\t\t\t\t\t<\/div>\n\t\t\t\t<\/div>\n\t\t\t\t\t<\/div>\n\t\t\t\t<\/div>\n\t\t<div class=\"elementor-element elementor-element-1e46891 e-flex e-con-boxed e-con e-child\" data-id=\"1e46891\" data-element_type=\"container\" data-e-type=\"container\">\n\t\t\t\t\t<div class=\"e-con-inner\">\n\t\t\t\t<div class=\"elementor-element elementor-element-4d09f3b elementor-widget__width-initial elementor-view-default elementor-position-block-start elementor-mobile-position-block-start elementor-widget elementor-widget-icon-box\" data-id=\"4d09f3b\" data-element_type=\"widget\" data-e-type=\"widget\" data-widget_type=\"icon-box.default\">\n\t\t\t\t<div class=\"elementor-widget-container\">\n\t\t\t\t\t\t\t<div class=\"elementor-icon-box-wrapper\">\n\n\t\t\t\t\t\t<div class=\"elementor-icon-box-icon\">\n\t\t\t\t<span  class=\"elementor-icon\">\n\t\t\t\t<i aria-hidden=\"true\" class=\"fad fa-hands-heart\"><\/i>\t\t\t\t<\/span>\n\t\t\t<\/div>\n\t\t\t\n\t\t\t\t\t\t<div class=\"elementor-icon-box-content\">\n\n\t\t\t\t\t\t\t\t\t<h4 class=\"elementor-icon-box-title\">\n\t\t\t\t\t\t<span  >\n\t\t\t\t\t\t\t Confian\u00e7a, integritat, transpar\u00e8ncia amb tots els grups d'inter\u00e8s \t\t\t\t\t\t<\/span>\n\t\t\t\t\t<\/h4>\n\t\t\t\t\n\t\t\t\t\t\t\t\t\t<p class=\"elementor-icon-box-description\">\n\t\t\t\t\t\tGenerem un clima de confian\u00e7a amb tots els nostres interlocutors, amb una voluntat de transpar\u00e8ncia i de cerca permanent de solucions constructives.\t\t\t\t\t<\/p>\n\t\t\t\t\n\t\t\t<\/div>\n\t\t\t\n\t\t<\/div>\n\t\t\t\t\t\t<\/div>\n\t\t\t\t<\/div>\n\t\t\t\t<div class=\"elementor-element elementor-element-3768964 elementor-widget__width-initial elementor-view-default elementor-position-block-start elementor-mobile-position-block-start elementor-widget elementor-widget-icon-box\" data-id=\"3768964\" data-element_type=\"widget\" data-e-type=\"widget\" data-widget_type=\"icon-box.default\">\n\t\t\t\t<div class=\"elementor-widget-container\">\n\t\t\t\t\t\t\t<div class=\"elementor-icon-box-wrapper\">\n\n\t\t\t\t\t\t<div class=\"elementor-icon-box-icon\">\n\t\t\t\t<span  class=\"elementor-icon\">\n\t\t\t\t<i aria-hidden=\"true\" class=\"fad fa-hand-holding-seedling\"><\/i>\t\t\t\t<\/span>\n\t\t\t<\/div>\n\t\t\t\n\t\t\t\t\t\t<div class=\"elementor-icon-box-content\">\n\n\t\t\t\t\t\t\t\t\t<h4 class=\"elementor-icon-box-title\">\n\t\t\t\t\t\t<span  >\n\t\t\t\t\t\t\tSostenibilitat, respecte pel medi ambient i aposta per energies renovables\t\t\t\t\t\t<\/span>\n\t\t\t\t\t<\/h4>\n\t\t\t\t\n\t\t\t\t\t\t\t\t\t<p class=\"elementor-icon-box-description\">\n\t\t\t\t\t\tLa nostra visi\u00f3 es centra en crear comunitats sostenibles i en minimitzar l'impacte ambiental. Des del disseny i la construcci\u00f3 fins a la gesti\u00f3 a llarg termini, busquem solucions que reduexin el consum d'energia, optimitzin l'\u00fas de l'aigua i fomentin l'efici\u00e8ncia energ\u00e8tica.\t\t\t\t\t<\/p>\n\t\t\t\t\n\t\t\t<\/div>\n\t\t\t\n\t\t<\/div>\n\t\t\t\t\t\t<\/div>\n\t\t\t\t<\/div>\n\t\t\t\t<div class=\"elementor-element elementor-element-6337459 elementor-widget__width-initial elementor-view-default elementor-position-block-start elementor-mobile-position-block-start elementor-widget elementor-widget-icon-box\" data-id=\"6337459\" data-element_type=\"widget\" data-e-type=\"widget\" data-widget_type=\"icon-box.default\">\n\t\t\t\t<div class=\"elementor-widget-container\">\n\t\t\t\t\t\t\t<div class=\"elementor-icon-box-wrapper\">\n\n\t\t\t\t\t\t<div class=\"elementor-icon-box-icon\">\n\t\t\t\t<span  class=\"elementor-icon\">\n\t\t\t\t<i aria-hidden=\"true\" class=\"fad fa-file-certificate\"><\/i>\t\t\t\t<\/span>\n\t\t\t<\/div>\n\t\t\t\n\t\t\t\t\t\t<div class=\"elementor-icon-box-content\">\n\n\t\t\t\t\t\t\t\t\t<h4 class=\"elementor-icon-box-title\">\n\t\t\t\t\t\t<span  >\n\t\t\t\t\t\t\tExcel\u00b7l\u00e8ncia en l'execuci\u00f3 i qualitat del producte \t\t\t\t\t\t<\/span>\n\t\t\t\t\t<\/h4>\n\t\t\t\t\n\t\t\t\t\t\t\t\t\t<p class=\"elementor-icon-box-description\">\n\t\t\t\t\t\tA Provalix Homes estem compromesos amb els est\u00e0ndards m\u00e9s alts de qualitat, amb l'objectiu d'oferir un producte que destaqui per la seva solidesa, disseny i durabilitat. Volem que els edificis residencials que posem al mercat siguin una inversi\u00f3 segura per als nostres clients i la nostra millor carta de presentaci\u00f3.\t\t\t\t\t<\/p>\n\t\t\t\t\n\t\t\t<\/div>\n\t\t\t\n\t\t<\/div>\n\t\t\t\t\t\t<\/div>\n\t\t\t\t<\/div>\n\t\t\t\t\t<\/div>\n\t\t\t\t<\/div>\n\t\t\t\t<\/div>\n\t\t\t\t\t<\/div>\n\t\t\t\t<\/div>\n\t\t\t\t<\/div>\n\t\t","protected":false},"excerpt":{"rendered":"<p>Som una promotora immobili\u00e0ria especialitzada al sector residencial. La nostra vocaci\u00f3 A Provalix Homes volem oferir un producte immobiliari de gran qualitat i disseny en les localitzacions m\u00e9s atractives i cotitzades d&#8217;Espanya i Andorra.\u00a0 Ens esforcem constantment per oferir habitatges d&#8217;alta qualitat que compleixin amb els est\u00e0ndards m\u00e9s exigents. El nostre enfocament en la qualitat [&hellip;]<\/p>\n","protected":false},"author":2,"featured_media":0,"parent":0,"menu_order":0,"comment_status":"closed","ping_status":"closed","template":"","meta":{"_acf_changed":false,"footnotes":""},"class_list":["post-2767","page","type-page","status-publish","hentry"],"acf":[],"_links":{"self":[{"href":"https:\/\/provalixhomes.com\/ca\/wp-json\/wp\/v2\/pages\/2767","targetHints":{"allow":["GET"]}}],"collection":[{"href":"https:\/\/provalixhomes.com\/ca\/wp-json\/wp\/v2\/pages"}],"about":[{"href":"https:\/\/provalixhomes.com\/ca\/wp-json\/wp\/v2\/types\/page"}],"author":[{"embeddable":true,"href":"https:\/\/provalixhomes.com\/ca\/wp-json\/wp\/v2\/users\/2"}],"replies":[{"embeddable":true,"href":"https:\/\/provalixhomes.com\/ca\/wp-json\/wp\/v2\/comments?post=2767"}],"version-history":[{"count":19,"href":"https:\/\/provalixhomes.com\/ca\/wp-json\/wp\/v2\/pages\/2767\/revisions"}],"predecessor-version":[{"id":2801,"href":"https:\/\/provalixhomes.com\/ca\/wp-json\/wp\/v2\/pages\/2767\/revisions\/2801"}],"wp:attachment":[{"href":"https:\/\/provalixhomes.com\/ca\/wp-json\/wp\/v2\/media?parent=2767"}],"curies":[{"name":"wp","href":"https:\/\/api.w.org\/{rel}","templated":true}]}}