{"id":2430,"date":"2023-01-11T16:24:05","date_gmt":"2023-01-11T16:24:05","guid":{"rendered":"https:\/\/provalixhomes.com\/politica-privacidad\/"},"modified":"2024-10-25T07:45:19","modified_gmt":"2024-10-25T07:45:19","slug":"politica-privacidad","status":"publish","type":"page","link":"https:\/\/provalixhomes.com\/ca\/politica-privacidad\/","title":{"rendered":"Pol\u00edtica de privadesa"},"content":{"rendered":"\t\t<div data-elementor-type=\"wp-page\" data-elementor-id=\"2430\" class=\"elementor elementor-2430 elementor-3\" data-elementor-post-type=\"page\">\n\t\t\t\t<div class=\"elementor-element elementor-element-1581a1e9 e-flex e-con-boxed e-con e-parent\" data-id=\"1581a1e9\" data-element_type=\"container\" data-e-type=\"container\" data-settings=\"{&quot;background_background&quot;:&quot;classic&quot;}\">\n\t\t\t\t\t<div class=\"e-con-inner\">\n\t\t\t\t<div class=\"elementor-element elementor-element-594b665 elementor-widget elementor-widget-heading\" data-id=\"594b665\" data-element_type=\"widget\" data-e-type=\"widget\" data-widget_type=\"heading.default\">\n\t\t\t\t<div class=\"elementor-widget-container\">\n\t\t\t\t\t<h1 class=\"elementor-heading-title elementor-size-default\">Pol\u00edtica de privadesa<\/h1>\t\t\t\t<\/div>\n\t\t\t\t<\/div>\n\t\t\t\t\t<\/div>\n\t\t\t\t<\/div>\n\t\t<div class=\"elementor-element elementor-element-0312eb2 e-flex e-con-boxed e-con e-parent\" data-id=\"0312eb2\" data-element_type=\"container\" data-e-type=\"container\">\n\t\t\t\t\t<div class=\"e-con-inner\">\n\t\t\t\t<div class=\"elementor-element elementor-element-9c67b59 elementor-widget elementor-widget-text-editor\" data-id=\"9c67b59\" data-element_type=\"widget\" data-e-type=\"widget\" data-widget_type=\"text-editor.default\">\n\t\t\t\t<div class=\"elementor-widget-container\">\n\t\t\t\t\t\t\t\t\t<h4>Informaci\u00f3n general sobre PROVALIX HOMES<\/h4>\n<p>De acuerdo con el deber de informaci\u00f3n exigido en la Ley 34\/2002, de 11 de julio (LA LEY 1100\/2002), de Servicios de la Sociedad de la Informaci\u00f3n y Comercio Electr\u00f3nico, se detallan a continuaci\u00f3n los datos de informaci\u00f3n general del sitio web:<\/p>\n<p>El sitio web y su contenido son propiedad de PROVALIX SANTA ANNA S.L., provista de CIF (Espa\u00f1a) B-64509433, inscrita en el Registro Mercantil de Madrid, al Tomo 39455, Folio 57, Hoja n\u00ba 700505.<\/p>\n<p>Pueden ponerse en contacto con nosotros, llamando al tel\u00e9fono&nbsp;<b>+34&nbsp;<\/b><span style=\"font-size: 16.1376px;\"><b>930 49 09 55<\/b><\/span>&nbsp;o enviando un correo electr\u00f3nico a <a href=\"mailto:contacto@provalixhomes.com\"><span>contacto@provalixhomes.com<\/span><\/a><span>.<\/span><\/p>\n<h4>T\u00e9rminos y condiciones de uso<\/h4>\n<p>El acceso y utilizaci\u00f3n de este sitio web atribuye al visitante la condici\u00f3n de usuario. Ello supone que el usuario acepta las condiciones de uso vigentes en cada momento y se compromete a hacer un uso adecuado de los contenidos del sitio web y a observar y cumplir rigurosamente cuanto se disponga en este aviso y en las normas que sean de aplicaci\u00f3n.<\/p>\n<p>El sitio web requiere que el usuario registre datos personales o rellene formularios para obtener informaci\u00f3n. En este sentido, el usuario se compromete a suministrar informaci\u00f3n veraz sobre los datos de registro y declara, bajo su responsabilidad, ser mayor de edad y disponer de la capacidad suficiente para vincularse a las presentes condiciones.<\/p>\n<p>El acceso al sitio web es libre y gratuito para el usuario en todas sus partes y el registro a trav\u00e9s de sus formularios no compromete al usuario a nada m\u00e1s que a recibir informaci\u00f3n comercial de las promociones de PROVALIX HOMES.<\/p>\n<h4>Pol\u00edtica de privacidad y protecci\u00f3n de datos<\/h4>\n<p>En cumplimiento de la normativa vigente en materia de protecci\u00f3n de datos, PROVALIX HOMES, como responsable del sitio web, informa a todos los usuarios que faciliten o vayan a facilitar sus datos personales, que estos ser\u00e1n objeto de tratamiento.<\/p>\n<p>El titular del sitio web es PROVALIX HOMES, cuyos datos identificativos y registrales encabezan este aviso legal.<\/p>\n<p>PROVALIX HOMES, a trav\u00e9s de los formularios que pone a disposici\u00f3n del usuario, puede recopilar la informaci\u00f3n personal que se detallar\u00e1 a continuaci\u00f3n con la finalidad de informarle de nuestras ofertas comerciales a sus peticiones para poder ofrecerle un servicio m\u00e1s personalizado y eficaz:&nbsp;<b>nombre, correo electr\u00f3nico y n\u00famero de tel\u00e9fono.<\/b><\/p>\n<p>El usuario proporciona la informaci\u00f3n solicitada voluntariamente. La negativa a suministrarla tiene, como \u00fanica consecuencia para el usuario, no recibir informaci\u00f3n relacionada con nuestra actividad promotora o patrimonial.<\/p>\n<p>Al marcar la casilla correspondiente, el usuario acepta expresamente y de forma libre, que sus datos personales sean tratados por PROVALIX HOMES con los siguientes fines:<\/p>\n<ul>\n<li>Facilitar la informaci\u00f3n solicitada al usuario.<\/li>\n<li>Atender las consultas del usuario.<\/li>\n<li>Enviar al usuario comunicaciones comerciales.\n<\/li>\n<\/ul>\n<p>PROVALIX HOMES, en cuanto responsable del fichero y del tratamiento de los datos de car\u00e1cter personal, est\u00e1 obligada a guardar confidencialidad respecto de todos ellos, as\u00ed como a guardarlos durante el tiempo que sea estrictamente necesario, obligaciones que subsistir\u00e1n aun despu\u00e9s de finalizar las relaciones del usuario con PROVALIX HOMES.<\/p>\n<p>PROVALIX HOMES garantiza en todo momento al usuario el ejercicio de sus derechos de acceso, rectificaci\u00f3n, limitaci\u00f3n, supresi\u00f3n, portabilidad y oposici\u00f3n sobre los datos personales facilitados, dirigi\u00e9ndose por escrito a PROVALIX SANTA ANNA S.L., <b>C\/Mart\u00ed i Juli\u00e0,8 Local, 08034 Barcelona<\/b>&nbsp;o a trav\u00e9s de la direcci\u00f3n de correo electr\u00f3nico&nbsp;<a href=\"mailto:contacto@provalixhomes.com\"><span>contacto@provalixhomes<\/span><span>.com<\/span>.<\/a><\/p>\n<p>En este sentido, a efectos de facilitar la informaci\u00f3n m\u00e1s relevante acerca del tratamiento de sus datos, simplificamos la informaci\u00f3n b\u00e1sica en el siguiente cuadro:<\/p>\n<p>Informaci\u00f3n B\u00e1sica sobre Protecci\u00f3n de Datos<\/p>\n<p><b>Responsable:<\/b><\/p>\n<p>PROVALIX SANTA ANNA S.L.<\/p>\n<p><b>Finalidad:<\/b><\/p>\n<p>Facilitar la informaci\u00f3n solicitada al usuario, atender a sus consultas y enviarle comunicaciones comerciales.<\/p>\n<p><b>Legitimaci\u00f3n:<\/b><\/p>\n<p>Consentimiento expreso<\/p>\n<p><b>Destinatarios:<\/b><\/p>\n<p>No se ceder\u00e1n datos a terceros, salvo necesidad para la correcta gesti\u00f3n del servicio u obligaci\u00f3n legal.<\/p>\n<p><b>Derechos:<\/b><\/p>\n<p>Acceder, rectificar y suprimir los datos, as\u00ed como otros derechos, como se explica en la informaci\u00f3n adicional.<\/p>\n<p><b>Informaci\u00f3n Adicional:<\/b><\/p>\n<p>Puede consultar la informaci\u00f3n adicional y detallada sobre Protecci\u00f3n de Datos contactado con PROVALIX HOMES mediante la direcci\u00f3n de correo electr\u00f3nico: <a href=\"mailto:contacto@provalixhomes\"><span>contacto@provalixhomes<\/span><\/a><span>.com.<\/span><\/p>\n<h4>Pol\u00edtica de enlaces<\/h4>\n<p>El sitio web puede contener enlaces a otros sitios web con pol\u00edticas de privacidad diferentes a la de \u00e9ste. PROVALIX HOMES no se hace responsable del contenido o pr\u00e1cticas de los sitios enlazados y se recomienda al usuario la lectura detallada de la pol\u00edtica de privacidad de cualquier sitio web al que acceda desde \u00e9ste.<\/p>\n<h4>Propiedad intelectual e industrial<\/h4>\n<p>Este sitio web es propiedad de PROVALIX HOMES. Los derechos de propiedad intelectual e industrial, derechos de explotaci\u00f3n y reproducci\u00f3n de este sitio web (p\u00e1ginas, pantallas, informaci\u00f3n, apariencia, estructura y dise\u00f1o, c\u00f3digo fuente, archivos de audio y software, as\u00ed como los v\u00ednculos) que se establezcan desde ella a otras p\u00e1ginas web de cualquier sociedad perteneciente al grupo son propiedad, han sido cedidos o son objeto de licencia, a favor de PROVALIX HOMES salvo que se especifique otra cosa.<\/p>\n<p>La denominaci\u00f3n, el dise\u00f1o y los logotipos que componen este sitio web son marcas debidamente registradas. Su uso indebido podr\u00e1 ser perseguido de conformidad con la legislaci\u00f3n vigente.<\/p>\n<p>Los derechos de propiedad intelectual y marcas de terceros est\u00e1n destacados y el usuario debe respetarlos, en cualquier caso.<\/p>\n<p>Queda prohibido reproducir, comunicar p\u00fablicamente, distribuir, ceder o transmitir, modificar o suprimir la informaci\u00f3n, contenido u advertencias del sitio web, salvo autorizaci\u00f3n previa, expresa y escrita de PROVALIX HOMES.<\/p>\t\t\t\t\t\t\t\t<\/div>\n\t\t\t\t<\/div>\n\t\t\t\t\t<\/div>\n\t\t\t\t<\/div>\n\t\t\t\t<\/div>\n\t\t","protected":false},"excerpt":{"rendered":"<p>Informaci\u00f3n general sobre PROVALIX HOMES De acuerdo con el deber de informaci\u00f3n exigido en la Ley 34\/2002, de 11 de julio (LA LEY 1100\/2002), de Servicios de la Sociedad de la Informaci\u00f3n y Comercio Electr\u00f3nico, se detallan a continuaci\u00f3n los datos de informaci\u00f3n general del sitio web: El sitio web y su contenido son propiedad [&hellip;]<\/p>\n","protected":false},"author":1,"featured_media":0,"parent":0,"menu_order":0,"comment_status":"closed","ping_status":"closed","template":"","meta":{"_acf_changed":false,"footnotes":""},"class_list":["post-2430","page","type-page","status-publish","hentry"],"acf":[],"_links":{"self":[{"href":"https:\/\/provalixhomes.com\/ca\/wp-json\/wp\/v2\/pages\/2430","targetHints":{"allow":["GET"]}}],"collection":[{"href":"https:\/\/provalixhomes.com\/ca\/wp-json\/wp\/v2\/pages"}],"about":[{"href":"https:\/\/provalixhomes.com\/ca\/wp-json\/wp\/v2\/types\/page"}],"author":[{"embeddable":true,"href":"https:\/\/provalixhomes.com\/ca\/wp-json\/wp\/v2\/users\/1"}],"replies":[{"embeddable":true,"href":"https:\/\/provalixhomes.com\/ca\/wp-json\/wp\/v2\/comments?post=2430"}],"version-history":[{"count":7,"href":"https:\/\/provalixhomes.com\/ca\/wp-json\/wp\/v2\/pages\/2430\/revisions"}],"predecessor-version":[{"id":3811,"href":"https:\/\/provalixhomes.com\/ca\/wp-json\/wp\/v2\/pages\/2430\/revisions\/3811"}],"wp:attachment":[{"href":"https:\/\/provalixhomes.com\/ca\/wp-json\/wp\/v2\/media?parent=2430"}],"curies":[{"name":"wp","href":"https:\/\/api.w.org\/{rel}","templated":true}]}}